{"id":119,"date":"2025-09-27T23:02:33","date_gmt":"2025-09-27T23:02:33","guid":{"rendered":"https:\/\/holistycznieksperci.pl\/?page_id=119"},"modified":"2026-01-05T13:49:59","modified_gmt":"2026-01-05T13:49:59","slug":"o-nas","status":"publish","type":"page","link":"https:\/\/holistycznieksperci.pl\/en\/o-nas\/","title":{"rendered":"O nas"},"content":{"rendered":"<div data-elementor-type=\"wp-page\" data-elementor-id=\"119\" class=\"elementor elementor-119\" data-elementor-post-type=\"page\">\n\t\t\t\t<section class=\"elementor-element elementor-element-3f86023 e-grid e-con-full e-con e-parent\" data-id=\"3f86023\" data-element_type=\"container\" data-e-type=\"container\" data-settings=\"{&quot;background_background&quot;:&quot;classic&quot;,&quot;jet_parallax_layout_list&quot;:[]}\">\n\t\t<div class=\"elementor-element elementor-element-23611e3 e-con-full e-flex e-con e-child\" data-id=\"23611e3\" data-element_type=\"container\" data-e-type=\"container\" data-settings=\"{&quot;jet_parallax_layout_list&quot;:[]}\">\n\t\t\t\t<div class=\"elementor-element elementor-element-286cd23 elementor-widget elementor-widget-heading\" data-id=\"286cd23\" data-element_type=\"widget\" data-e-type=\"widget\" data-widget_type=\"heading.default\">\n\t\t\t\t\t<h1 class=\"elementor-heading-title elementor-size-default\">O nas<\/h1>\t\t\t\t<\/div>\n\t\t\t\t<\/div>\n\t\t<div class=\"elementor-element elementor-element-74b7a2b e-con-full e-flex e-con e-child\" data-id=\"74b7a2b\" data-element_type=\"container\" data-e-type=\"container\" data-settings=\"{&quot;jet_parallax_layout_list&quot;:[]}\">\n\t\t\t\t<div class=\"elementor-element elementor-element-7f43336 elementor-widget elementor-widget-image\" data-id=\"7f43336\" data-element_type=\"widget\" data-e-type=\"widget\" data-widget_type=\"image.default\">\n\t\t\t\t\t\t\t\t\t\t\t\t\t\t\t<img fetchpriority=\"high\" decoding=\"async\" width=\"768\" height=\"432\" src=\"https:\/\/holistycznieksperci.pl\/wp-content\/uploads\/2026\/01\/O-nas-1-768x432.png\" class=\"attachment-medium_large size-medium_large wp-image-1680\" alt=\"\" srcset=\"https:\/\/holistycznieksperci.pl\/wp-content\/uploads\/2026\/01\/O-nas-1-768x432.png 768w, https:\/\/holistycznieksperci.pl\/wp-content\/uploads\/2026\/01\/O-nas-1-300x169.png 300w, https:\/\/holistycznieksperci.pl\/wp-content\/uploads\/2026\/01\/O-nas-1-1024x576.png 1024w, https:\/\/holistycznieksperci.pl\/wp-content\/uploads\/2026\/01\/O-nas-1-1536x864.png 1536w, https:\/\/holistycznieksperci.pl\/wp-content\/uploads\/2026\/01\/O-nas-1-18x10.png 18w, https:\/\/holistycznieksperci.pl\/wp-content\/uploads\/2026\/01\/O-nas-1.png 1920w\" sizes=\"(max-width: 768px) 100vw, 768px\" \/>\t\t\t\t\t\t\t\t\t\t\t\t\t\t\t<\/div>\n\t\t\t\t<\/div>\n\t\t<div class=\"elementor-element elementor-element-c1d536e e-con-full e-flex e-con e-child\" data-id=\"c1d536e\" data-element_type=\"container\" data-e-type=\"container\" data-settings=\"{&quot;jet_parallax_layout_list&quot;:[]}\">\n\t\t\t\t<div class=\"elementor-element elementor-element-edc1705 elementor-widget elementor-widget-text-editor\" data-id=\"edc1705\" data-element_type=\"widget\" data-e-type=\"widget\" data-widget_type=\"text-editor.default\">\n\t\t\t\t\t\t\t\t\t<p>Stworzyli\u015bmy t\u0119 platform\u0119 z my\u015bl\u0105 o osobach, kt\u00f3re ceni\u0105 naturalne i \u015bwiadome podej\u015bcie do zdrowia. Nasz\u0105 misj\u0105 jest \u0142\u0105czenie ekspert\u00f3w, dla kt\u00f3rych holistyczne spojrzenie na cz\u0142owieka stanowi fundament pracy i pasji.<\/p><p>Mamy wiele inspiruj\u0105cych pomys\u0142\u00f3w, by to miejsce nie tylko spe\u0142nia\u0142o Wasze oczekiwania, ale tak\u017ce realnie wspiera\u0142o Was w codziennym \u017cyciu. Nieustannie si\u0119 rozwijamy, poniewa\u017c zale\u017cy nam na tym, aby stworzy\u0107 przestrze\u0144 naprawd\u0119 wyj\u0105tkow\u0105.<\/p><p>Terapeuci, kt\u00f3rych tu znajdziecie, to sprawdzone przez nas osoby, kt\u00f3re swoj\u0105 wiedz\u0119 zdobywa\u0142y w certyfikowanych szko\u0142ach oraz szkoleniach. To osoby godne zaufania, szanuj\u0105ce sw\u00f3j zaw\u00f3d, a co za tym idzie, charakteryzuj\u0105ce si\u0119 ogromnym poszanowaniem dla cz\u0142owieka i jego zdrowia.\u00a0 Naszym celem jest, aby osoby odwiedzaj\u0105ce nasz\u0105 stron\u0119 mia\u0142y pewno\u015b\u0107, \u017ce grono dost\u0119pnych tu specjalist\u00f3w oferuje wsparcie na najwy\u017cszym poziomie.<\/p>\t\t\t\t\t\t\t\t<\/div>\n\t\t\t\t<\/div>\n\t\t\t\t<\/section>\n\t\t\t\t<\/div>","protected":false},"excerpt":{"rendered":"<p>O nas Stworzyli\u015bmy t\u0119 platform\u0119 z my\u015bl\u0105 o osobach, kt\u00f3re ceni\u0105 naturalne i \u015bwiadome podej\u015bcie do zdrowia. Nasz\u0105 misj\u0105 jest \u0142\u0105czenie ekspert\u00f3w, dla kt\u00f3rych holistyczne spojrzenie na cz\u0142owieka stanowi fundament pracy i pasji. Mamy wiele inspiruj\u0105cych pomys\u0142\u00f3w, by to miejsce nie tylko spe\u0142nia\u0142o Wasze oczekiwania, ale tak\u017ce realnie wspiera\u0142o Was w codziennym \u017cyciu. Nieustannie si\u0119 [&hellip;]<\/p>\n","protected":false},"author":1,"featured_media":0,"parent":0,"menu_order":0,"comment_status":"closed","ping_status":"closed","template":"","meta":{"_jet_sm_ready_style":"","_jet_sm_style":"","_jet_sm_controls_values":"","_jet_sm_fonts_collection":"","_jet_sm_fonts_links":"","footnotes":""},"class_list":["post-119","page","type-page","status-publish","hentry"],"_hostinger_reach_plugin_has_subscription_block":false,"_hostinger_reach_plugin_is_elementor":false,"_links":{"self":[{"href":"https:\/\/holistycznieksperci.pl\/en\/wp-json\/wp\/v2\/pages\/119","targetHints":{"allow":["GET"]}}],"collection":[{"href":"https:\/\/holistycznieksperci.pl\/en\/wp-json\/wp\/v2\/pages"}],"about":[{"href":"https:\/\/holistycznieksperci.pl\/en\/wp-json\/wp\/v2\/types\/page"}],"author":[{"embeddable":true,"href":"https:\/\/holistycznieksperci.pl\/en\/wp-json\/wp\/v2\/users\/1"}],"replies":[{"embeddable":true,"href":"https:\/\/holistycznieksperci.pl\/en\/wp-json\/wp\/v2\/comments?post=119"}],"version-history":[{"count":9,"href":"https:\/\/holistycznieksperci.pl\/en\/wp-json\/wp\/v2\/pages\/119\/revisions"}],"predecessor-version":[{"id":1686,"href":"https:\/\/holistycznieksperci.pl\/en\/wp-json\/wp\/v2\/pages\/119\/revisions\/1686"}],"wp:attachment":[{"href":"https:\/\/holistycznieksperci.pl\/en\/wp-json\/wp\/v2\/media?parent=119"}],"curies":[{"name":"wp","href":"https:\/\/api.w.org\/{rel}","templated":true}]}}