{"id":1868,"date":"2026-03-16T16:41:52","date_gmt":"2026-03-16T16:41:52","guid":{"rendered":"https:\/\/holistycznieksperci.pl\/?page_id=1868"},"modified":"2026-03-17T10:56:38","modified_gmt":"2026-03-17T10:56:38","slug":"dziekuje-za-email","status":"publish","type":"page","link":"https:\/\/holistycznieksperci.pl\/en\/dziekuje-za-email\/","title":{"rendered":"Dzi\u0119kujemy za Tw\u00f3j e-mail!"},"content":{"rendered":"<div data-elementor-type=\"wp-page\" data-elementor-id=\"1868\" class=\"elementor elementor-1868\" data-elementor-post-type=\"page\">\n\t\t\t\t<div class=\"elementor-element elementor-element-7a16fc74 e-flex e-con-boxed e-con e-parent\" data-id=\"7a16fc74\" data-element_type=\"container\" data-e-type=\"container\" data-settings=\"{&quot;jet_parallax_layout_list&quot;:[]}\">\n\t\t\t\t\t<div class=\"e-con-inner\">\n\t\t\t\t<div class=\"elementor-element elementor-element-7a894fe elementor-widget-divider--view-line elementor-widget elementor-widget-divider\" data-id=\"7a894fe\" data-element_type=\"widget\" data-e-type=\"widget\" data-widget_type=\"divider.default\">\n\t\t\t\t\t\t\t<div class=\"elementor-divider\">\n\t\t\t<span class=\"elementor-divider-separator\">\n\t\t\t\t\t\t<\/span>\n\t\t<\/div>\n\t\t\t\t\t\t<\/div>\n\t\t\t\t<div class=\"elementor-element elementor-element-7af62a18 elementor-widget elementor-widget-text-editor\" data-id=\"7af62a18\" data-element_type=\"widget\" data-e-type=\"widget\" data-widget_type=\"text-editor.default\">\n\t\t\t\t\t\t\t\t\t\n<p>Doceniamy, \u017ce si\u0119 z nami skontaktowa\u0142e\u015b.<\/p>\n\n<p>Nasz zesp\u00f3\u0142 odpowie tak szybko, jak to mo\u017cliwe.<\/p>\n\n<p>\u017byczymy mi\u0142ego dnia!<\/p>\n\n<p>\u00a0<\/p>\n\t\t\t\t\t\t\t\t<\/div>\n\t\t\t\t\t<\/div>\n\t\t\t\t<\/div>\n\t\t\t\t<\/div>","protected":false},"excerpt":{"rendered":"<p>Doceniamy, \u017ce si\u0119 z nami skontaktowa\u0142e\u015b. Nasz zesp\u00f3\u0142 odpowie tak szybko, jak to mo\u017cliwe. \u017byczymy mi\u0142ego dnia! \u00a0<\/p>","protected":false},"author":1,"featured_media":0,"parent":0,"menu_order":0,"comment_status":"closed","ping_status":"closed","template":"","meta":{"_jet_sm_ready_style":"","_jet_sm_style":"","_jet_sm_controls_values":"","_jet_sm_fonts_collection":"","_jet_sm_fonts_links":"","footnotes":""},"class_list":["post-1868","page","type-page","status-publish","hentry"],"_hostinger_reach_plugin_has_subscription_block":false,"_hostinger_reach_plugin_is_elementor":false,"_links":{"self":[{"href":"https:\/\/holistycznieksperci.pl\/en\/wp-json\/wp\/v2\/pages\/1868","targetHints":{"allow":["GET"]}}],"collection":[{"href":"https:\/\/holistycznieksperci.pl\/en\/wp-json\/wp\/v2\/pages"}],"about":[{"href":"https:\/\/holistycznieksperci.pl\/en\/wp-json\/wp\/v2\/types\/page"}],"author":[{"embeddable":true,"href":"https:\/\/holistycznieksperci.pl\/en\/wp-json\/wp\/v2\/users\/1"}],"replies":[{"embeddable":true,"href":"https:\/\/holistycznieksperci.pl\/en\/wp-json\/wp\/v2\/comments?post=1868"}],"version-history":[{"count":8,"href":"https:\/\/holistycznieksperci.pl\/en\/wp-json\/wp\/v2\/pages\/1868\/revisions"}],"predecessor-version":[{"id":1898,"href":"https:\/\/holistycznieksperci.pl\/en\/wp-json\/wp\/v2\/pages\/1868\/revisions\/1898"}],"wp:attachment":[{"href":"https:\/\/holistycznieksperci.pl\/en\/wp-json\/wp\/v2\/media?parent=1868"}],"curies":[{"name":"wp","href":"https:\/\/api.w.org\/{rel}","templated":true}]}}