{"id":1885,"date":"2026-03-17T10:42:08","date_gmt":"2026-03-17T10:42:08","guid":{"rendered":"https:\/\/holistycznieksperci.pl\/?page_id=1885"},"modified":"2026-03-17T10:54:42","modified_gmt":"2026-03-17T10:54:42","slug":"dziekujemy-za-rejestracje","status":"publish","type":"page","link":"https:\/\/holistycznieksperci.pl\/en\/dziekujemy-za-rejestracje\/","title":{"rendered":"Dzi\u0119kujemy za rejestracj\u0119"},"content":{"rendered":"<div data-elementor-type=\"wp-page\" data-elementor-id=\"1885\" class=\"elementor elementor-1885\" data-elementor-post-type=\"page\">\n\t\t\t\t<div class=\"elementor-element elementor-element-1fb1c71f e-flex e-con-boxed e-con e-parent\" data-id=\"1fb1c71f\" data-element_type=\"container\" data-e-type=\"container\" data-settings=\"{&quot;jet_parallax_layout_list&quot;:[]}\">\n\t\t\t\t\t<div class=\"e-con-inner\">\n\t\t\t\t<div class=\"elementor-element elementor-element-831f9bb elementor-widget-divider--view-line elementor-widget elementor-widget-divider\" data-id=\"831f9bb\" data-element_type=\"widget\" data-e-type=\"widget\" data-widget_type=\"divider.default\">\n\t\t\t\t\t\t\t<div class=\"elementor-divider\">\n\t\t\t<span class=\"elementor-divider-separator\">\n\t\t\t\t\t\t<\/span>\n\t\t<\/div>\n\t\t\t\t\t\t<\/div>\n\t\t\t\t<div class=\"elementor-element elementor-element-29bb778d elementor-widget elementor-widget-text-editor\" data-id=\"29bb778d\" data-element_type=\"widget\" data-e-type=\"widget\" data-widget_type=\"text-editor.default\">\n\t\t\t\t\t\t\t\t\t\n<p>Wys\u0142ali\u015bmy do Ciebie wiadomo\u015b\u0107 e-mail z potwierdzeniem.<\/p>\n\n<p>Prosimy o dalsze dzia\u0142ania zgodnie z instrukcjami zawartymi w wiadomo\u015bci.<\/p>\n\n<p>Dzi\u0119kujemy.<\/p>\n\t\t\t\t\t\t\t\t<\/div>\n\t\t\t\t\t<\/div>\n\t\t\t\t<\/div>\n\t\t\t\t<\/div>","protected":false},"excerpt":{"rendered":"<p>Wys\u0142ali\u015bmy do Ciebie wiadomo\u015b\u0107 e-mail z potwierdzeniem. Prosimy o dalsze dzia\u0142ania zgodnie z instrukcjami zawartymi w wiadomo\u015bci. Dzi\u0119kujemy.<\/p>","protected":false},"author":1,"featured_media":0,"parent":0,"menu_order":0,"comment_status":"closed","ping_status":"closed","template":"","meta":{"_jet_sm_ready_style":"","_jet_sm_style":"","_jet_sm_controls_values":"","_jet_sm_fonts_collection":"","_jet_sm_fonts_links":"","footnotes":""},"class_list":["post-1885","page","type-page","status-publish","hentry"],"_hostinger_reach_plugin_has_subscription_block":false,"_hostinger_reach_plugin_is_elementor":false,"_links":{"self":[{"href":"https:\/\/holistycznieksperci.pl\/en\/wp-json\/wp\/v2\/pages\/1885","targetHints":{"allow":["GET"]}}],"collection":[{"href":"https:\/\/holistycznieksperci.pl\/en\/wp-json\/wp\/v2\/pages"}],"about":[{"href":"https:\/\/holistycznieksperci.pl\/en\/wp-json\/wp\/v2\/types\/page"}],"author":[{"embeddable":true,"href":"https:\/\/holistycznieksperci.pl\/en\/wp-json\/wp\/v2\/users\/1"}],"replies":[{"embeddable":true,"href":"https:\/\/holistycznieksperci.pl\/en\/wp-json\/wp\/v2\/comments?post=1885"}],"version-history":[{"count":8,"href":"https:\/\/holistycznieksperci.pl\/en\/wp-json\/wp\/v2\/pages\/1885\/revisions"}],"predecessor-version":[{"id":2039,"href":"https:\/\/holistycznieksperci.pl\/en\/wp-json\/wp\/v2\/pages\/1885\/revisions\/2039"}],"wp:attachment":[{"href":"https:\/\/holistycznieksperci.pl\/en\/wp-json\/wp\/v2\/media?parent=1885"}],"curies":[{"name":"wp","href":"https:\/\/api.w.org\/{rel}","templated":true}]}}