{"id":2031,"date":"2026-03-25T11:38:35","date_gmt":"2026-03-25T11:38:35","guid":{"rendered":"https:\/\/holistycznieksperci.pl\/?page_id=2031"},"modified":"2026-03-25T15:42:47","modified_gmt":"2026-03-25T15:42:47","slug":"test-page","status":"publish","type":"page","link":"https:\/\/holistycznieksperci.pl\/en\/test-page\/","title":{"rendered":"test page"},"content":{"rendered":"<div data-elementor-type=\"wp-page\" data-elementor-id=\"2031\" class=\"elementor elementor-2031\" data-elementor-post-type=\"page\">\n\t\t\t\t<div class=\"elementor-element elementor-element-9f1bdfe e-flex e-con-boxed e-con e-parent\" data-id=\"9f1bdfe\" data-element_type=\"container\" data-e-type=\"container\" data-settings=\"{&quot;jet_parallax_layout_list&quot;:[]}\">\n\t\t\t\t\t<div class=\"e-con-inner\">\n\t\t\t\t\t<\/div>\n\t\t\t\t<\/div>\n\t\t<div class=\"elementor-element elementor-element-4351e99 e-flex e-con-boxed e-con e-parent\" data-id=\"4351e99\" data-element_type=\"container\" data-e-type=\"container\" data-settings=\"{&quot;jet_parallax_layout_list&quot;:[]}\">\n\t\t\t\t\t<div class=\"e-con-inner\">\n\t\t\t\t\t<\/div>\n\t\t\t\t<\/div>\n\t\t<div class=\"elementor-element elementor-element-7f7089a e-flex e-con-boxed e-con e-parent\" data-id=\"7f7089a\" data-element_type=\"container\" data-e-type=\"container\" data-settings=\"{&quot;jet_parallax_layout_list&quot;:[]}\">\n\t\t\t\t\t<div class=\"e-con-inner\">\n\t\t\t\t<div class=\"elementor-element elementor-element-e0b5e47 elementor-widget elementor-widget-jet-form-builder-form\" data-id=\"e0b5e47\" data-element_type=\"widget\" data-e-type=\"widget\" data-widget_type=\"jet-form-builder-form.default\">\n\t\t\t\t<div class=\"elementor-widget-container\">\n\t\t\t\t\t<style id=\"jet-form-builder-2073-inline-css\">.jet-sm-gb-619d2cbf-ee5d-449f-8267-5a3fcec4cc4b .jet-form-builder__action-button:hover:not(:disabled){background-color: ;} <\/style><form  class=\"jet-form-builder layout-column submit-type-reload\" action=\"https:\/\/holistycznieksperci.pl\/en\/wp-json\/wp\/v2\/pages\/2031\/?0HlPKH=uEi42gFg59&#038;method=reload\" method=\"POST\" data-form-id=\"2073\" data-layout=\"column\" enctype=\"multipart\/form-data\" novalidate=\"null\" ssr_validation_method=\"rest\" data-trp-original-action=\"https:\/\/holistycznieksperci.pl\/en\/wp-json\/wp\/v2\/pages\/2031\/?0HlPKH=uEi42gFg59&amp;method=reload\"><input type=\"hidden\" id=\"_wpnonce\" name=\"_wpnonce\" value=\"169a8a6383\" \/><input type=\"hidden\" name=\"_wp_http_referer\" value=\"\/en\/wp-json\/wp\/v2\/pages\/2031\" \/>\r\n<input type=\"hidden\" name=\"_jfb_current_render_states[]\" value=\"DEFAULT.STATE\" data-jfb-sync \/><input type=\"hidden\" class=\"jet-form-builder__field hidden-field\" name=\"_jet_engine_booking_form_id\" data-field-name=\"_jet_engine_booking_form_id\" value=\"2073\">\n<input type=\"hidden\" class=\"jet-form-builder__field hidden-field\" name=\"_jet_engine_refer\" data-field-name=\"_jet_engine_refer\" value=\"https:\/\/holistycznieksperci.pl\/en\/wp-json\/wp\/v2\/pages\/2031\/\">\n<input type=\"hidden\" class=\"jet-form-builder__field hidden-field\" name=\"__queried_post_id\" data-field-name=\"__queried_post_id\" value=\"2031\">\n\n<div class=\"wp-block-buttons is-vertical is-layout-flex wp-container-core-buttons-is-layout-fe9cc265 wp-block-buttons-is-layout-flex\">\n<div class=\"wp-block-button\"><a class=\"wp-block-button__link wp-element-button\" href=\"https:\/\/holistycznieksperci.pl\/logowanie\">Login<\/a><\/div>\n\n\n\n<div class=\"wp-block-button\"><a class=\"wp-block-button__link wp-element-button\" href=\"https:\/\/holistycznieksperci.pl\/tworzenie-profilu\">Create profile<\/a><\/div>\n\n\n\n<div class=\"wp-block-button\"><a class=\"wp-block-button__link wp-element-button\" href=\"https:\/\/holistycznieksperci.pl\/edytuj-profil\">Edit profile<\/a><\/div>\n\n\n\n\n\n<div class=\"wp-block-button\"><a class=\"wp-block-button__link wp-element-button\">Log out<\/a><\/div>\n<\/div>\n\n\n<div class=\"logged-out wp-block-loginout\"><a href=\"https:\/\/holistycznieksperci.pl\/wp-login.php?redirect_to=https%3A%2F%2Fholistycznieksperci.pl%2Fen%2Fwp-json%2Fwp%2Fv2%2Fpages%2F2031\">Log in<\/a><\/div>\t<div class=\"jet-form-builder-messages-wrap\" data-form-id=\"2073\"><\/div>\n<input type=\"hidden\" name=\"trp-form-language\" value=\"en\"\/><\/form>\n\t\t\t\t<\/div>\n\t\t\t\t<\/div>\n\t\t\t\t\t<\/div>\n\t\t\t\t<\/div>\n\t\t\t\t<\/div>","protected":false},"excerpt":{"rendered":"<p>Stare has\u0142o * Nowe has\u0142o * Potwierd\u017a nowe has\u0142o * Submit Edit profile Reset password Log out Log out<\/p>","protected":false},"author":1,"featured_media":0,"parent":0,"menu_order":0,"comment_status":"closed","ping_status":"closed","template":"","meta":{"_jet_sm_ready_style":"","_jet_sm_style":"","_jet_sm_controls_values":"","_jet_sm_fonts_collection":"","_jet_sm_fonts_links":"","footnotes":""},"class_list":["post-2031","page","type-page","status-publish","hentry"],"_hostinger_reach_plugin_has_subscription_block":false,"_hostinger_reach_plugin_is_elementor":false,"_links":{"self":[{"href":"https:\/\/holistycznieksperci.pl\/en\/wp-json\/wp\/v2\/pages\/2031","targetHints":{"allow":["GET"]}}],"collection":[{"href":"https:\/\/holistycznieksperci.pl\/en\/wp-json\/wp\/v2\/pages"}],"about":[{"href":"https:\/\/holistycznieksperci.pl\/en\/wp-json\/wp\/v2\/types\/page"}],"author":[{"embeddable":true,"href":"https:\/\/holistycznieksperci.pl\/en\/wp-json\/wp\/v2\/users\/1"}],"replies":[{"embeddable":true,"href":"https:\/\/holistycznieksperci.pl\/en\/wp-json\/wp\/v2\/comments?post=2031"}],"version-history":[{"count":13,"href":"https:\/\/holistycznieksperci.pl\/en\/wp-json\/wp\/v2\/pages\/2031\/revisions"}],"predecessor-version":[{"id":2119,"href":"https:\/\/holistycznieksperci.pl\/en\/wp-json\/wp\/v2\/pages\/2031\/revisions\/2119"}],"wp:attachment":[{"href":"https:\/\/holistycznieksperci.pl\/en\/wp-json\/wp\/v2\/media?parent=2031"}],"curies":[{"name":"wp","href":"https:\/\/api.w.org\/{rel}","templated":true}]}}