{"id":2038,"date":"2026-03-25T12:01:24","date_gmt":"2026-03-25T12:01:24","guid":{"rendered":"https:\/\/holistycznieksperci.pl\/?page_id=2038"},"modified":"2026-03-25T12:45:36","modified_gmt":"2026-03-25T12:45:36","slug":"odzyskiwanie-hasla","status":"publish","type":"page","link":"https:\/\/holistycznieksperci.pl\/en\/odzyskiwanie-hasla\/","title":{"rendered":"Odzyskiwanie has\u0142a"},"content":{"rendered":"<div data-elementor-type=\"wp-page\" data-elementor-id=\"2038\" class=\"elementor elementor-2038\" data-elementor-post-type=\"page\">\n\t\t\t\t<div class=\"elementor-element elementor-element-022846b e-grid e-con-boxed e-con e-parent\" data-id=\"022846b\" data-element_type=\"container\" data-e-type=\"container\" data-settings=\"{&quot;jet_parallax_layout_list&quot;:[]}\">\n\t\t\t\t\t<div class=\"e-con-inner\">\n\t\t\t\t<div class=\"elementor-element elementor-element-57bfc47 elementor-widget elementor-widget-text-editor\" data-id=\"57bfc47\" data-element_type=\"widget\" data-e-type=\"widget\" data-widget_type=\"text-editor.default\">\n\t\t\t\t\t\t\t\t\t<p>Wys\u0142ali\u015bmy do Ciebie wiadomo\u015b\u0107 e-mail, aby zresetowa\u0107 has\u0142o.<\/p><p><!-- \/wp:paragraph --><!-- wp:paragraph --><\/p><p>Prosimy o wykonanie dalszych krok\u00f3w zgodnie z instrukcjami zawartymi w wiadomo\u015bci.<\/p><p><!-- \/wp:paragraph --><!-- wp:paragraph --><\/p><p>Dzi\u0119kujemy.<\/p>\t\t\t\t\t\t\t\t<\/div>\n\t\t\t\t\t<\/div>\n\t\t\t\t<\/div>\n\t\t\t\t<\/div>","protected":false},"excerpt":{"rendered":"<p>Wys\u0142ali\u015bmy do Ciebie wiadomo\u015b\u0107 e-mail, aby zresetowa\u0107 has\u0142o. Prosimy o wykonanie dalszych krok\u00f3w zgodnie z instrukcjami zawartymi w wiadomo\u015bci. Dzi\u0119kujemy.<\/p>","protected":false},"author":1,"featured_media":0,"parent":0,"menu_order":0,"comment_status":"closed","ping_status":"closed","template":"","meta":{"_jet_sm_ready_style":"","_jet_sm_style":"","_jet_sm_controls_values":"","_jet_sm_fonts_collection":"","_jet_sm_fonts_links":"","footnotes":""},"class_list":["post-2038","page","type-page","status-publish","hentry"],"_hostinger_reach_plugin_has_subscription_block":false,"_hostinger_reach_plugin_is_elementor":false,"_links":{"self":[{"href":"https:\/\/holistycznieksperci.pl\/en\/wp-json\/wp\/v2\/pages\/2038","targetHints":{"allow":["GET"]}}],"collection":[{"href":"https:\/\/holistycznieksperci.pl\/en\/wp-json\/wp\/v2\/pages"}],"about":[{"href":"https:\/\/holistycznieksperci.pl\/en\/wp-json\/wp\/v2\/types\/page"}],"author":[{"embeddable":true,"href":"https:\/\/holistycznieksperci.pl\/en\/wp-json\/wp\/v2\/users\/1"}],"replies":[{"embeddable":true,"href":"https:\/\/holistycznieksperci.pl\/en\/wp-json\/wp\/v2\/comments?post=2038"}],"version-history":[{"count":3,"href":"https:\/\/holistycznieksperci.pl\/en\/wp-json\/wp\/v2\/pages\/2038\/revisions"}],"predecessor-version":[{"id":2042,"href":"https:\/\/holistycznieksperci.pl\/en\/wp-json\/wp\/v2\/pages\/2038\/revisions\/2042"}],"wp:attachment":[{"href":"https:\/\/holistycznieksperci.pl\/en\/wp-json\/wp\/v2\/media?parent=2038"}],"curies":[{"name":"wp","href":"https:\/\/api.w.org\/{rel}","templated":true}]}}