{"id":2091,"date":"2026-03-25T14:43:56","date_gmt":"2026-03-25T14:43:56","guid":{"rendered":"https:\/\/holistycznieksperci.pl\/?page_id=2091"},"modified":"2026-03-25T14:52:28","modified_gmt":"2026-03-25T14:52:28","slug":"haslo-zresetowane","status":"publish","type":"page","link":"https:\/\/holistycznieksperci.pl\/en\/haslo-zresetowane\/","title":{"rendered":"Has\u0142o zresetowane"},"content":{"rendered":"<div data-elementor-type=\"wp-page\" data-elementor-id=\"2091\" class=\"elementor elementor-2091\" data-elementor-post-type=\"page\">\n\t\t\t\t<div class=\"elementor-element elementor-element-435672e e-flex e-con-boxed e-con e-parent\" data-id=\"435672e\" data-element_type=\"container\" data-e-type=\"container\" data-settings=\"{&quot;jet_parallax_layout_list&quot;:[]}\">\n\t\t\t\t\t<div class=\"e-con-inner\">\n\t\t\t\t<div class=\"elementor-element elementor-element-f08e818 elementor-widget elementor-widget-text-editor\" data-id=\"f08e818\" data-element_type=\"widget\" data-e-type=\"widget\" data-widget_type=\"text-editor.default\">\n\t\t\t\t\t\t\t\t\t<h3>Has\u0142o zosta\u0142o pomy\u015blnie zresetowane.<\/h3>\t\t\t\t\t\t\t\t<\/div>\n\t\t\t\t<div class=\"elementor-element elementor-element-1f37463 elementor-widget elementor-widget-html\" data-id=\"1f37463\" data-element_type=\"widget\" data-e-type=\"widget\" data-widget_type=\"html.default\">\n\t\t\t\t\t<div id=\"hidden-redirect\" style=\"display:none;\"><\/div>\r\n\r\n<script>\r\n  \/\/ countdown time in seconds\r\n  const delay = 5;\r\n\r\n  setTimeout(function() {\r\n    window.location.href = \"https:\/\/holistycznieksperci.pl\/logowanie\";\r\n  }, delay * 1000);\r\n<\/script>\t\t\t\t<\/div>\n\t\t\t\t\t<\/div>\n\t\t\t\t<\/div>\n\t\t<div class=\"elementor-element elementor-element-1c455a1 e-grid e-con-boxed e-con e-parent\" data-id=\"1c455a1\" data-element_type=\"container\" data-e-type=\"container\" data-settings=\"{&quot;jet_parallax_layout_list&quot;:[]}\">\n\t\t\t\t\t<div class=\"e-con-inner\">\n\t\t\t\t\t<\/div>\n\t\t\t\t<\/div>\n\t\t\t\t<\/div>","protected":false},"excerpt":{"rendered":"<p>Has\u0142o zosta\u0142o pomy\u015blnie zresetowane.<\/p>","protected":false},"author":1,"featured_media":0,"parent":0,"menu_order":0,"comment_status":"closed","ping_status":"closed","template":"","meta":{"_jet_sm_ready_style":"","_jet_sm_style":"","_jet_sm_controls_values":"","_jet_sm_fonts_collection":"","_jet_sm_fonts_links":"","footnotes":""},"class_list":["post-2091","page","type-page","status-publish","hentry"],"_hostinger_reach_plugin_has_subscription_block":false,"_hostinger_reach_plugin_is_elementor":false,"_links":{"self":[{"href":"https:\/\/holistycznieksperci.pl\/en\/wp-json\/wp\/v2\/pages\/2091","targetHints":{"allow":["GET"]}}],"collection":[{"href":"https:\/\/holistycznieksperci.pl\/en\/wp-json\/wp\/v2\/pages"}],"about":[{"href":"https:\/\/holistycznieksperci.pl\/en\/wp-json\/wp\/v2\/types\/page"}],"author":[{"embeddable":true,"href":"https:\/\/holistycznieksperci.pl\/en\/wp-json\/wp\/v2\/users\/1"}],"replies":[{"embeddable":true,"href":"https:\/\/holistycznieksperci.pl\/en\/wp-json\/wp\/v2\/comments?post=2091"}],"version-history":[{"count":10,"href":"https:\/\/holistycznieksperci.pl\/en\/wp-json\/wp\/v2\/pages\/2091\/revisions"}],"predecessor-version":[{"id":2101,"href":"https:\/\/holistycznieksperci.pl\/en\/wp-json\/wp\/v2\/pages\/2091\/revisions\/2101"}],"wp:attachment":[{"href":"https:\/\/holistycznieksperci.pl\/en\/wp-json\/wp\/v2\/media?parent=2091"}],"curies":[{"name":"wp","href":"https:\/\/api.w.org\/{rel}","templated":true}]}}