{"id":2102,"date":"2026-03-25T15:01:48","date_gmt":"2026-03-25T15:01:48","guid":{"rendered":"https:\/\/holistycznieksperci.pl\/?page_id=2102"},"modified":"2026-03-25T15:42:23","modified_gmt":"2026-03-25T15:42:23","slug":"edytuj-profil","status":"publish","type":"page","link":"https:\/\/holistycznieksperci.pl\/en\/edytuj-profil\/","title":{"rendered":"Edytuj profil"},"content":{"rendered":"\t\t<div data-elementor-type=\"wp-page\" data-elementor-id=\"2102\" class=\"elementor elementor-2102\" data-elementor-post-type=\"page\">\n\t\t\t\t<div class=\"elementor-element elementor-element-82e82c3 e-grid e-con-boxed e-con e-parent\" data-id=\"82e82c3\" data-element_type=\"container\" data-e-type=\"container\" data-settings=\"{&quot;jet_parallax_layout_list&quot;:[]}\">\n\t\t\t\t\t<div class=\"e-con-inner\">\n\t\t\t\t<div class=\"elementor-element elementor-element-0bf59b7 elementor-widget elementor-widget-jet-form-builder-form\" data-id=\"0bf59b7\" data-element_type=\"widget\" data-e-type=\"widget\" data-widget_type=\"jet-form-builder-form.default\">\n\t\t\t\t<div class=\"elementor-widget-container\">\n\t\t\t\t\t<link rel='stylesheet' id='wp-block-library-css' href='https:\/\/holistycznieksperci.pl\/wp-includes\/css\/dist\/block-library\/style.min.css?ver=6.9.4' media='all' \/>\n<style id=\"jet-form-builder-2105-inline-css\"><\/style><form  class=\"jet-form-builder layout-column submit-type-reload\" action=\"https:\/\/holistycznieksperci.pl\/en\/wp-json\/wp\/v2\/pages\/2102\/?0HlPKH=uEi42gFg59&amp;method=reload\" method=\"POST\" data-form-id=\"2105\" data-layout=\"column\" enctype=\"multipart\/form-data\" novalidate=\"null\" ssr_validation_method=\"rest\"><input type=\"hidden\" id=\"_wpnonce\" name=\"_wpnonce\" value=\"a9c61deb16\" \/><input type=\"hidden\" name=\"_wp_http_referer\" value=\"\/en\/wp-json\/wp\/v2\/pages\/2102\" \/>\r\n<input type=\"hidden\" name=\"_jfb_current_render_states[]\" value=\"DEFAULT.STATE\" data-jfb-sync \/><input type=\"hidden\" class=\"jet-form-builder__field hidden-field\" name=\"_jet_engine_booking_form_id\" data-field-name=\"_jet_engine_booking_form_id\" value=\"2105\">\n<input type=\"hidden\" class=\"jet-form-builder__field hidden-field\" name=\"_jet_engine_refer\" data-field-name=\"_jet_engine_refer\" value=\"https:\/\/holistycznieksperci.pl\/en\/wp-json\/wp\/v2\/pages\/2102\/\">\n<input type=\"hidden\" class=\"jet-form-builder__field hidden-field\" name=\"__queried_post_id\" data-field-name=\"__queried_post_id\" value=\"2102\">\n<div class=\"jet-form-builder-page \" data-page=\"1\" data-page-offset=\"75\">\n<input type=\"hidden\" class=\"jet-form-builder__field hidden-field\" name=\"post_ID\" data-field-name=\"post_ID\" data-jfb-sync=\"null\">\n\n\n\n\n<input type=\"hidden\" class=\"jet-form-builder__field hidden-field\" name=\"user_id\" data-field-name=\"user_id\" data-jfb-sync=\"null\">\n\n\n\n<div class=\" jet-sm-gb-wrapper jet-sm-gb-3cfe015b-a397-47ce-8351-14858c60e619\" data-block-id=\"jet-sm-gb-3cfe015b-a397-47ce-8351-14858c60e619\" ><div  class=\"jet-form-builder-row field-type-text-field\" >\n<div class=\"jet-form-builder__label\">\r\n<label class=\"jet-form-builder__label-text\" for=\"imie_i_nazwisko\">Imi\u0119 i nazwisko<\/label><\/div><div class=\"jet-form-builder__field-wrap\">\n\t\t\t\t<input name=\"imie_i_nazwisko\" id=\"imie_i_nazwisko\" type=\"text\" data-field-name=\"imie_i_nazwisko\" class=\"jet-form-builder__field text-field\" data-jfb-sync=\"null\" autocomplete=\"off_rxt3KXUu\">\n\t\t\t\t\t<\/div>\n<\/div><\/div>\n\n<div class=\" jet-sm-gb-wrapper jet-sm-gb-7b8a5d5c-6bad-4412-9b48-0df4284d433e\" data-block-id=\"jet-sm-gb-7b8a5d5c-6bad-4412-9b48-0df4284d433e\" ><div  class=\"jet-form-builder-row field-type-select-field wp-block-jet-forms-select-field\">\n<div class=\"jet-form-builder__label\">\r\n<label class=\"jet-form-builder__label-text\" for=\"city\">Miasto<\/label><\/div><div class=\"jet-form-builder__field-wrap\">\n\t<select class=\"jet-form-builder__field select-field\" name=\"city\" data-field-name=\"city\" id=\"city\" data-jfb-sync=\"null\">\n\t\t<option value=\"158\" >\u2013 Wybierz swoje miasto \u2013<\/option><option value=\"157\" >Be\u0142chat\u00f3w<\/option><option value=\"59\" >Bia\u0142ystok<\/option><option value=\"56\" >Bydgoszcz<\/option><option value=\"61\" >Cz\u0119stochowa<\/option><option value=\"97\" >D\u0105browa G\u00f3rnicza<\/option><option value=\"54\" >Gda\u0144sk<\/option><option value=\"60\" >Gdynia<\/option><option value=\"66\" >Gliwice<\/option><option value=\"160\" >Gorlice<\/option><option value=\"16\" >Grodzisk Mazowiecki<\/option><option value=\"139\" >Inne<\/option><option value=\"58\" >Katowice<\/option><option value=\"141\" >K\u0119dzierzyn-Ko\u017ale<\/option><option value=\"65\" >Kielce<\/option><option value=\"50\" >Krak\u00f3w<\/option><option value=\"145\" >Krapkowice<\/option><option value=\"51\" >\u0141\u00f3d\u017a<\/option><option value=\"57\" >Lublin<\/option><option value=\"148\" >Mak\u00f3w Mazowiecki<\/option><option value=\"135\" >Milan\u00f3wek<\/option><option value=\"143\" >Nysa<\/option><option value=\"68\" >Olsztyn<\/option><option value=\"96\" >P\u0142ock<\/option><option value=\"53\" >Pozna\u0144<\/option><option value=\"149\" >Pszczyna<\/option><option value=\"62\" >Radom<\/option><option value=\"21\" >Rzesz\u00f3w<\/option><option value=\"63\" >Sosnowiec<\/option><option value=\"55\" >Szczecin<\/option><option value=\"64\" >Toru\u0144<\/option><option value=\"144\" >Tu\u0142owice<\/option><option value=\"20\" >Warszawa<\/option><option value=\"142\" >Wielu\u0144<\/option><option value=\"52\" >Wroc\u0142aw<\/option><option value=\"103\" >Za granic\u0105<\/option><option value=\"67\" >Zabrze<\/option>\t<\/select>\n<\/div>\n<\/div><\/div>\n\n<div class=\" jet-sm-gb-wrapper jet-sm-gb-7dd9a071-abec-4258-acf0-2c542fefc71a\" data-block-id=\"jet-sm-gb-7dd9a071-abec-4258-acf0-2c542fefc71a\" ><div  class=\"jet-form-builder-row field-type-text-field\" >\n<div class=\"jet-form-builder__label\">\r\n<label class=\"jet-form-builder__label-text\" for=\"adres\">Adres<\/label><\/div><div class=\"jet-form-builder__field-wrap\">\n\t\t\t\t<input name=\"adres\" id=\"adres\" type=\"text\" data-field-name=\"adres\" class=\"jet-form-builder__field text-field\" data-jfb-sync=\"null\" autocomplete=\"off_k60qG3P8\">\n\t\t\t\t\t<\/div>\n<\/div><\/div>\n\n<div class=\" jet-sm-gb-wrapper jet-sm-gb-e8e75676-bbf9-4217-af57-acba27cd4c17\" data-block-id=\"jet-sm-gb-e8e75676-bbf9-4217-af57-acba27cd4c17\" ><div  class=\"jet-form-builder-row field-type-text-field\" >\n<div class=\"jet-form-builder__label\">\r\n<label class=\"jet-form-builder__label-text\" for=\"kod_pocztowy\">Kod pocztowy<\/label><\/div><div class=\"jet-form-builder__field-wrap\">\n\t\t\t\t<input name=\"kod_pocztowy\" id=\"kod_pocztowy\" type=\"text\" data-field-name=\"kod_pocztowy\" class=\"jet-form-builder__field text-field\" data-jfb-sync=\"null\" autocomplete=\"off_hLet1yJw\">\n\t\t\t\t\t<\/div>\n<\/div><\/div>\n\n<div class=\" jet-sm-gb-wrapper jet-sm-gb-f9095f45-f640-45ab-88cc-7bfa348205e6\" data-block-id=\"jet-sm-gb-f9095f45-f640-45ab-88cc-7bfa348205e6\" ><div  class=\"jet-form-builder-row field-type-text-field\" >\n<div class=\"jet-form-builder__label\">\r\n<label class=\"jet-form-builder__label-text\" for=\"email\">Email<\/label><\/div><div class=\"jet-form-builder__field-wrap\">\n\t\t\t\t<input name=\"email\" id=\"email\" type=\"email\" data-field-name=\"email\" class=\"jet-form-builder__field text-field\" data-jfb-sync=\"null\" autocomplete=\"off_Fl5S1qIX\">\n\t\t\t\t\t<\/div>\n<\/div><\/div>\n\n<div class=\" jet-sm-gb-wrapper jet-sm-gb-bda2491c-2af9-48fa-af61-f0ef77c005de\" data-block-id=\"jet-sm-gb-bda2491c-2af9-48fa-af61-f0ef77c005de\" ><div  class=\"jet-form-builder-row field-type-text-field\" >\n<div class=\"jet-form-builder__label\">\r\n<label class=\"jet-form-builder__label-text\" for=\"telefon\">Telefon<\/label><\/div><div class=\"jet-form-builder__field-wrap\">\n\t\t\t\t<input name=\"telefon\" id=\"telefon\" type=\"tel\" data-field-name=\"telefon\" class=\"jet-form-builder__field text-field\" data-jfb-sync=\"null\" autocomplete=\"off_uZHDRkns\">\n\t\t\t\t\t<\/div>\n<\/div><\/div>\n\n<div class=\"jet-form-builder__next-page-wrap\">\n\t\t\t\t\t<button data-jfb-conditional=\"[{&quot;page_state&quot;:&quot;active&quot;}]\" data-jfb-func=\"disable\" class=\"jet-form-builder__next-page\" type=\"button\">Dalej<\/button>\n\t<\/div>\n<\/div>\n<div class=\"jet-form-builder-page jet-form-builder-page--hidden\" data-page=\"2\" data-page-offset=\"75\">\n\n<div class=\" jet-sm-gb-wrapper jet-sm-gb-88a546e6-9409-42f4-b227-d822e7ee2424\" data-block-id=\"jet-sm-gb-88a546e6-9409-42f4-b227-d822e7ee2424\" ><div  class=\"jet-form-builder-row field-type-media-field\" >\n<template class=\"jet-form-builder__preview-template\"><div class=\"jet-form-builder-file-upload__file\" data-file=\"%file_url%\">\n\t<!-- preview -->\n\t<!-- field -->\n\t<div class=\"jet-form-builder-file-upload__file-remove\" data-file-name=\"%file_name%\">\n\t\t<svg width=\"22\" height=\"22\" viewBox=\"0 0 14 15\" fill=\"none\" xmlns=\"http:\/\/www.w3.org\/2000\/svg\">\n\t\t\t<path d=\"M4.375 7H6.125V12.25H4.375V7ZM7.875 7H9.625V12.25H7.875V7ZM10.5 1.75C10.5 1.51302 10.4134 1.30794 10.2402 1.13477C10.0762 0.961589 9.87109 0.875 9.625 0.875H4.375C4.12891 0.875 3.91927 0.961589 3.74609 1.13477C3.58203 1.30794 3.5 1.51302 3.5 1.75V3.5H0V5.25H0.875V14C0.875 14.237 0.957031 14.4421 1.12109 14.6152C1.29427 14.7884 1.50391 14.875 1.75 14.875H12.25C12.4961 14.875 12.7012 14.7884 12.8652 14.6152C13.0384 14.4421 13.125 14.237 13.125 14V5.25H14V3.5H10.5V1.75ZM5.25 2.625H8.75V3.5H5.25V2.625ZM11.375 5.25V13.125H2.625V5.25H11.375Z\"><\/path>\n\t\t<\/svg>\n\t<\/div>\n\t<span\n\t\t\tclass=\"jet-form-builder-file-upload__file-invalid-marker\"\n\t\t\tstyle=\"display: none\">\n\t\t<svg xmlns=\"http:\/\/www.w3.org\/2000\/svg\" viewBox=\"0 0 20 20\" fill=\"currentcolor\" width=\"24\" height=\"24\" aria-hidden=\"true\" focusable=\"false\"><path d=\"M10 2c4.42 0 8 3.58 8 8s-3.58 8-8 8-8-3.58-8-8 3.58-8 8-8zm1.13 9.38l.35-6.46H8.52l.35 6.46h2.26zm-.09 3.36c.24-.23.37-.55.37-.96 0-.42-.12-.74-.36-.97s-.59-.35-1.06-.35-.82.12-1.07.35-.37.55-.37.97c0 .41.13.73.38.96.26.23.61.34 1.06.34s.8-.11 1.05-.34z\"><\/path><\/svg>\n\t<\/span>\n\t<!-- footer -->\n<\/div>\n<\/template><div class=\"jet-form-builder__label\">\r\n<label class=\"jet-form-builder__label-text\" for=\"zdiecie\">Zdj\u0119cie<\/label><\/div><div class=\"jet-form-builder__field-wrap jet-form-builder-file-upload\">\n\t\t<div class=\"jet-form-builder-file-upload__content\">\n\t\t<div class=\"jet-form-builder-file-upload__loader\"><svg xmlns=\"http:\/\/www.w3.org\/2000\/svg\" width=\"38\" height=\"38\" viewBox=\"0 0 38 38\" stroke=\"#fff\"><g fill=\"none\" fill-rule=\"evenodd\"><g transform=\"translate(1 1)\" stroke-width=\"2\"><circle stroke-opacity=\".5\" cx=\"18\" cy=\"18\" r=\"18\"\/><path d=\"M36 18c0-9.94-8.06-18-18-18\" transform=\"rotate(137.826 18 18)\"><animateTransform attributeName=\"transform\" type=\"rotate\" from=\"0 18 18\" to=\"360 18 18\" dur=\"1s\" repeatCount=\"indefinite\"\/><\/path><\/g><\/g><\/svg><\/div>\t\t<div class=\"jet-form-builder-file-upload__files\" data-args=\"{&quot;max_files&quot;:1,&quot;max_size&quot;:2097152}\">\n\t\t\t\t\t<\/div>\n\t<\/div>\n\t<div class=\"jet-form-builder-file-upload__fields\">\n\t\t<input class=\"jet-form-builder__field file-field jet-form-builder-file-upload__input\" name=\"zdiecie\" data-field-name=\"zdiecie\" type=\"file\" data-form_id=\"2105\" id=\"zdiecie\" data-jfb-sync=\"null\" data-max_size=\"2097152\">\n\t<\/div>\n\t<div class=\"jet-form-builder-file-upload__message\"><small>Maksymalny rozmiar pliku: 2 MB<\/small><\/div>\n\t<div class=\"jet-form-builder-file-upload__errors is-hidden\"><\/div>\n\t<\/div>\n<\/div><\/div>\n\n<div class=\" jet-sm-gb-wrapper jet-sm-gb-7bf03940-f195-4b12-b13e-057bd8093452\" data-block-id=\"jet-sm-gb-7bf03940-f195-4b12-b13e-057bd8093452\" ><\/div>\n\n<div class=\"jet-form-builder__next-page-wrap\">\n\t\t<button type=\"button\" class=\"jet-form-builder__prev-page\" data-to-page=\"1\">Wstecz<\/button>\t\t\t<button data-jfb-conditional=\"[{&quot;page_state&quot;:&quot;active&quot;}]\" data-jfb-func=\"disable\" class=\"jet-form-builder__next-page\" type=\"button\">Dalej<\/button>\n\t<\/div>\n<\/div>\n<div class=\"jet-form-builder-page jet-form-builder-page--hidden\" data-page=\"3\" data-page-offset=\"75\">\n\n<div class=\" jet-sm-gb-wrapper jet-sm-gb-ecf85aa3-cada-4b0d-aae2-87db8ff71f01\" data-block-id=\"jet-sm-gb-ecf85aa3-cada-4b0d-aae2-87db8ff71f01\" ><div  class=\"jet-form-builder-row field-type-select-field wp-block-jet-forms-select-field\">\n<div class=\"jet-form-builder__label\">\r\n<label class=\"jet-form-builder__label-text\" for=\"specjalizacja\">Specjalizacje<\/label><\/div><div class=\"jet-form-builder__field-wrap\">\n\t<select class=\"jet-form-builder__field select-field\" name=\"specjalizacja[]\" data-field-name=\"specjalizacja\" id=\"specjalizacja\" multiple=\"1\" size=\"5\" data-jfb-sync=\"null\">\n\t\t<option value=\"80\" >Access Bars<\/option><option value=\"72\" >Akupunktura<\/option><option value=\"146\" >Analiza charakterologiczna<\/option><option value=\"81\" >Aromaterapia<\/option><option value=\"101\" >Astrologia<\/option><option value=\"43\" >Badanie biorezonansem<\/option><option value=\"44\" >Bioenergoterapia<\/option><option value=\"136\" >Channeling<\/option><option value=\"48\" >Chiropraktyka<\/option><option value=\"73\" >Dietoterapia<\/option><option value=\"82\" >EFT (Emotional Freedom Technique)<\/option><option value=\"42\" >Fitoterapia<\/option><option value=\"83\" >Fizjoterapia<\/option><option value=\"84\" >Hipnoterapia<\/option><option value=\"85\" >Hirudoterapia<\/option><option value=\"40\" >Homeopatia<\/option><option value=\"150\" >Homeopatia dla zwierz\u0105t<\/option><option value=\"98\" >Homeopatia klasyczna<\/option><option value=\"99\" >Homeopatia kliniczna<\/option><option value=\"41\" >Homeopatia sportowa<\/option><option value=\"140\" >Inna<\/option><option value=\"74\" >Irydologia<\/option><option value=\"155\" >Joga<\/option><option value=\"86\" >Klawiterapia<\/option><option value=\"87\" >Konchowanie uszu<\/option><option value=\"88\" >Kroniki Akaszy<\/option><option value=\"89\" >Kundalini<\/option><option value=\"153\" >Logopedia<\/option><option value=\"71\" >Medycyna chi\u0144ska<\/option><option value=\"38\" >Naturopatia<\/option><option value=\"39\" >Naturopatia sportowa<\/option><option value=\"154\" >Neurologopedia<\/option><option value=\"90\" >Numerologia<\/option><option value=\"47\" >Osteopatia<\/option><option value=\"152\" >Pedagogika<\/option><option value=\"147\" >Praca z cia\u0142em<\/option><option value=\"137\" >Praca z rodem<\/option><option value=\"151\" >Psychologia<\/option><option value=\"156\" >Psychotraumatologia<\/option><option value=\"100\" >Radiestezja<\/option><option value=\"79\" >Refleksologia<\/option><option value=\"91\" >Reiki<\/option><option value=\"92\" >Stawianie baniek<\/option><option value=\"102\" >Tarot<\/option><option value=\"93\" >Terapia czaszkowo-krzy\u017cowa<\/option><option value=\"45\" >Totalna Biologia<\/option><option value=\"94\" >Ustawienia Hellingera<\/option><option value=\"138\" >Ustawienia rodzinne<\/option><option value=\"46\" >Uwalnianie emocji<\/option>\t<\/select>\n<\/div>\n<\/div><\/div>\n\n<div class=\" jet-sm-gb-wrapper jet-sm-gb-dfdf78ae-8b2f-4f8a-9e5a-3d1f4ed17813\" data-block-id=\"jet-sm-gb-dfdf78ae-8b2f-4f8a-9e5a-3d1f4ed17813\" ><div  class=\"jet-form-builder-row field-type-textarea-field\" >\n<div class=\"jet-form-builder__label\">\r\n<label class=\"jet-form-builder__label-text\" for=\"ukonczona_szkola_ukonczony_kurs\">Ukonczo\u0144a szko\u0142a\\ukonczony kurs<\/label><\/div><div class=\"jet-form-builder__field-wrap\">\n\t\t<textarea class=\"jet-form-builder__field textarea-field\" name=\"ukonczona_szkola_ukonczony_kurs\" data-field-name=\"ukonczona_szkola_ukonczony_kurs\" id=\"ukonczona_szkola_ukonczony_kurs\" data-jfb-sync=\"null\"><\/textarea>\n\t<\/div>\n<\/div><\/div>\n\n<div class=\" jet-sm-gb-wrapper jet-sm-gb-10b72009-06e9-4603-b974-25d34174a77f\" data-block-id=\"jet-sm-gb-10b72009-06e9-4603-b974-25d34174a77f\" ><div  class=\"jet-form-builder-row field-type-select-field wp-block-jet-forms-select-field\">\n<div class=\"jet-form-builder__label\">\r\n<label class=\"jet-form-builder__label-text\" for=\"wizyta\">Wizyta<\/label><\/div><div class=\"jet-form-builder__field-wrap\">\n\t<select class=\"jet-form-builder__field select-field\" name=\"wizyta[]\" data-field-name=\"wizyta\" id=\"wizyta\" multiple=\"1\" size=\"2\" data-jfb-sync=\"null\">\n\t\t<option value=\"69\" >Online<\/option><option value=\"70\" >W gabinecie<\/option>\t<\/select>\n<\/div>\n<\/div><\/div>\n\n<div class=\"jet-form-builder__next-page-wrap\">\n\t\t<button type=\"button\" class=\"jet-form-builder__prev-page\" data-to-page=\"2\">Wstecz<\/button>\t\t\t<button data-jfb-conditional=\"[{&quot;page_state&quot;:&quot;active&quot;}]\" data-jfb-func=\"disable\" class=\"jet-form-builder__next-page\" type=\"button\">Dalej<\/button>\n\t<\/div>\n<\/div>\n<div class=\"jet-form-builder-page jet-form-builder-page--hidden\" data-page=\"4\" data-page-offset=\"75\">\n\n<div class=\" jet-sm-gb-wrapper jet-sm-gb-9ee1652f-159e-41b0-8786-7bba5ed5c97d\" data-block-id=\"jet-sm-gb-9ee1652f-159e-41b0-8786-7bba5ed5c97d\" ><div  class=\"jet-form-builder-row field-type-text-field\" >\n<div class=\"jet-form-builder__label\">\r\n<label class=\"jet-form-builder__label-text\" for=\"link_do_konta_na_istagramie\">Link do konta na Istagramie<\/label><\/div><div class=\"jet-form-builder__field-wrap\">\n\t\t\t\t<input name=\"link_do_konta_na_istagramie\" id=\"link_do_konta_na_istagramie\" type=\"url\" data-field-name=\"link_do_konta_na_istagramie\" class=\"jet-form-builder__field text-field\" data-jfb-sync=\"null\" autocomplete=\"off_vV6cSmTK\">\n\t\t\t\t\t<\/div>\n<\/div><\/div>\n\n<div class=\" jet-sm-gb-wrapper jet-sm-gb-d3a17a77-03c5-41b1-a6b3-24c3d9a34e76\" data-block-id=\"jet-sm-gb-d3a17a77-03c5-41b1-a6b3-24c3d9a34e76\" ><div  class=\"jet-form-builder-row field-type-text-field\" >\n<div class=\"jet-form-builder__label\">\r\n<label class=\"jet-form-builder__label-text\" for=\"link_do_konta_na_facebooku\">Link do konta na Facebooku<\/label><\/div><div class=\"jet-form-builder__field-wrap\">\n\t\t\t\t<input name=\"link_do_konta_na_facebooku\" id=\"link_do_konta_na_facebooku\" type=\"url\" data-field-name=\"link_do_konta_na_facebooku\" class=\"jet-form-builder__field text-field\" data-jfb-sync=\"null\" autocomplete=\"off_wnxaL1t2\">\n\t\t\t\t\t<\/div>\n<\/div><\/div>\n\n<div class=\" jet-sm-gb-wrapper jet-sm-gb-0b67854e-bf6c-4d16-9ba5-d708b8a8074a\" data-block-id=\"jet-sm-gb-0b67854e-bf6c-4d16-9ba5-d708b8a8074a\" ><div  class=\"jet-form-builder-row field-type-text-field\" >\n<div class=\"jet-form-builder__label\">\r\n<label class=\"jet-form-builder__label-text\" for=\"link_do_strony_internetowej\">Link do strony internetowej<\/label><\/div><div class=\"jet-form-builder__field-wrap\">\n\t\t\t\t<input name=\"link_do_strony_internetowej\" id=\"link_do_strony_internetowej\" type=\"url\" data-field-name=\"link_do_strony_internetowej\" class=\"jet-form-builder__field text-field\" data-jfb-sync=\"null\" autocomplete=\"off_H94nib8z\">\n\t\t\t\t\t<\/div>\n<\/div><\/div>\n\n<div class=\" jet-sm-gb-wrapper jet-sm-gb-e8f68470-eba6-4487-b215-f136d45c2ee3\" data-block-id=\"jet-sm-gb-e8f68470-eba6-4487-b215-f136d45c2ee3\" ><div  class=\"jet-form-builder-row field-type-submit-field\" >\n\t<div data-type=\"submit\" class=\"jet-form-builder__action-button-wrapper jet-form-builder__submit-wrap has-prev\">\n<button type=\"button\" class=\"jet-form-builder__prev-page\" data-to-page=\"3\">Wstecz<\/button>\t<button class=\"jet-form-builder__action-button jet-form-builder__submit submit-type-reload\" type=\"submit\">Wy\u015blij<\/button>\n\t<\/div>\n\t\n<\/div><\/div>\n\n\n<p><\/p>\n<\/div>\t<div class=\"jet-form-builder-messages-wrap\" data-form-id=\"2105\"><\/div>\n<\/form>\n\t\t\t\t<\/div>\n\t\t\t\t<\/div>\n\t\t\t\t\t<\/div>\n\t\t\t\t<\/div>\n\t\t\t\t<\/div>\n\t\t","protected":false},"excerpt":{"rendered":"<p>Imi\u0119 i nazwisko Miasto \u2013 Wybierz swoje miasto \u2013Be\u0142chat\u00f3wBia\u0142ystokBydgoszczCz\u0119stochowaD\u0105browa G\u00f3rniczaGda\u0144skGdyniaGliwiceGorliceGrodzisk MazowieckiInneKatowiceK\u0119dzierzyn-Ko\u017aleKielceKrak\u00f3wKrapkowice\u0141\u00f3d\u017aLublinMak\u00f3w MazowieckiMilan\u00f3wekNysaOlsztynP\u0142ockPozna\u0144PszczynaRadomRzesz\u00f3wSosnowiecSzczecinToru\u0144Tu\u0142owiceWarszawaWielu\u0144Wroc\u0142awZa granic\u0105Zabrze Adres Kod pocztowy Email Telefon Dalej Zdj\u0119cie Maksymalny rozmiar pliku: 2 MB Bio Wstecz Dalej Specjalizacje Access BarsAkupunkturaAnaliza charakterologicznaAromaterapiaAstrologiaBadanie biorezonansemBioenergoterapiaChannelingChiropraktykaDietoterapiaEFT (Emotional Freedom Technique)FitoterapiaFizjoterapiaHipnoterapiaHirudoterapiaHomeopatiaHomeopatia dla zwierz\u0105tHomeopatia klasycznaHomeopatia klinicznaHomeopatia sportowaInnaIrydologiaJogaKlawiterapiaKonchowanie uszuKroniki AkaszyKundaliniLogopediaMedycyna chi\u0144skaNaturopatiaNaturopatia sportowaNeurologopediaNumerologiaOsteopatiaPedagogikaPraca z cia\u0142emPraca z rodemPsychologiaPsychotraumatologiaRadiestezjaRefleksologiaReikiStawianie baniekTarotTerapia czaszkowo-krzy\u017cowaTotalna BiologiaUstawienia HellingeraUstawienia rodzinneUwalnianie emocji [&hellip;]<\/p>\n","protected":false},"author":1,"featured_media":0,"parent":0,"menu_order":0,"comment_status":"closed","ping_status":"closed","template":"","meta":{"_jet_sm_ready_style":"","_jet_sm_style":"","_jet_sm_controls_values":"","_jet_sm_fonts_collection":"","_jet_sm_fonts_links":"","footnotes":""},"class_list":["post-2102","page","type-page","status-publish","hentry"],"_hostinger_reach_plugin_has_subscription_block":false,"_hostinger_reach_plugin_is_elementor":false,"_links":{"self":[{"href":"https:\/\/holistycznieksperci.pl\/en\/wp-json\/wp\/v2\/pages\/2102","targetHints":{"allow":["GET"]}}],"collection":[{"href":"https:\/\/holistycznieksperci.pl\/en\/wp-json\/wp\/v2\/pages"}],"about":[{"href":"https:\/\/holistycznieksperci.pl\/en\/wp-json\/wp\/v2\/types\/page"}],"author":[{"embeddable":true,"href":"https:\/\/holistycznieksperci.pl\/en\/wp-json\/wp\/v2\/users\/1"}],"replies":[{"embeddable":true,"href":"https:\/\/holistycznieksperci.pl\/en\/wp-json\/wp\/v2\/comments?post=2102"}],"version-history":[{"count":4,"href":"https:\/\/holistycznieksperci.pl\/en\/wp-json\/wp\/v2\/pages\/2102\/revisions"}],"predecessor-version":[{"id":2116,"href":"https:\/\/holistycznieksperci.pl\/en\/wp-json\/wp\/v2\/pages\/2102\/revisions\/2116"}],"wp:attachment":[{"href":"https:\/\/holistycznieksperci.pl\/en\/wp-json\/wp\/v2\/media?parent=2102"}],"curies":[{"name":"wp","href":"https:\/\/api.w.org\/{rel}","templated":true}]}}