{"id":213,"date":"2025-09-28T09:32:25","date_gmt":"2025-09-28T09:32:25","guid":{"rendered":"https:\/\/holistycznieksperci.pl\/?page_id=213"},"modified":"2026-03-17T10:42:39","modified_gmt":"2026-03-17T10:42:39","slug":"kontakt","status":"publish","type":"page","link":"https:\/\/holistycznieksperci.pl\/en\/kontakt\/","title":{"rendered":"Kontakt"},"content":{"rendered":"<div data-elementor-type=\"wp-page\" data-elementor-id=\"213\" class=\"elementor elementor-213\" data-elementor-post-type=\"page\">\n\t\t\t\t<div class=\"elementor-element elementor-element-fb90091 e-con-full e-flex e-con e-parent\" data-id=\"fb90091\" data-element_type=\"container\" data-e-type=\"container\" data-settings=\"{&quot;background_background&quot;:&quot;classic&quot;,&quot;jet_parallax_layout_list&quot;:[]}\">\n\t\t\t\t<div class=\"elementor-element elementor-element-6d4b3d2 elementor-widget-divider--view-line elementor-widget elementor-widget-divider\" data-id=\"6d4b3d2\" data-element_type=\"widget\" data-e-type=\"widget\" data-widget_type=\"divider.default\">\n\t\t\t\t\t\t\t<div class=\"elementor-divider\">\n\t\t\t<span class=\"elementor-divider-separator\">\n\t\t\t\t\t\t<\/span>\n\t\t<\/div>\n\t\t\t\t\t\t<\/div>\n\t\t\t\t<div class=\"elementor-element elementor-element-3cbf180 elementor-widget elementor-widget-heading\" data-id=\"3cbf180\" data-element_type=\"widget\" data-e-type=\"widget\" data-widget_type=\"heading.default\">\n\t\t\t\t\t<h2 class=\"elementor-heading-title elementor-size-default\">Kontakt<\/h2>\t\t\t\t<\/div>\n\t\t\t\t<\/div>\n\t\t<div class=\"elementor-element elementor-element-3bf43e7 e-flex e-con-boxed e-con e-parent\" data-id=\"3bf43e7\" data-element_type=\"container\" data-e-type=\"container\" data-settings=\"{&quot;jet_parallax_layout_list&quot;:[]}\">\n\t\t\t\t\t<div class=\"e-con-inner\">\n\t\t\t\t<div class=\"elementor-element elementor-element-4b56bbe elementor-widget elementor-widget-jet-form-builder-form\" data-id=\"4b56bbe\" data-element_type=\"widget\" data-e-type=\"widget\" data-widget_type=\"jet-form-builder-form.default\">\n\t\t\t\t<div class=\"elementor-widget-container\">\n\t\t\t\t\t<link rel='stylesheet' id='wp-block-library-css' href='https:\/\/holistycznieksperci.pl\/wp-includes\/css\/dist\/block-library\/style.min.css?ver=6.9.4' media='all' \/>\n<link rel=\"preconnect\" href=\"https:\/\/fonts.gstatic.com\"><style id=\"jet-form-builder-1866-inline-css\">.jet-sm-gb-42dddba4-1ffd-45b8-b99e-1f3d99c4056f .jet-form-builder__desc.jet-form-builder__desc.jet-form-builder__desc{background-color: ;} .jet-sm-gb-08dc13fc-82d1-414b-831d-1d318a8b9158 .jet-form-builder__desc.jet-form-builder__desc.jet-form-builder__desc{background-color: ;} .jet-sm-gb-fa6a15ba-29f1-4a83-8d56-9e7bf25c500f .jet-form-builder__action-button:hover:not(:disabled){background-color: ;} .jet-sm-gb-1f8e3071-5a1d-4306-bd91-993b5863b2b1 .jet-form-builder__desc.jet-form-builder__desc.jet-form-builder__desc{background-color: ;} <\/style><form  class=\"jet-form-builder layout-column submit-type-reload\" action=\"https:\/\/holistycznieksperci.pl\/en\/wp-json\/wp\/v2\/pages\/213\/?0HlPKH=uEi42gFg59&#038;method=reload\" method=\"POST\" data-form-id=\"1866\" data-layout=\"column\" enctype=\"multipart\/form-data\" novalidate=\"null\" ssr_validation_method=\"rest\" data-trp-original-action=\"https:\/\/holistycznieksperci.pl\/en\/wp-json\/wp\/v2\/pages\/213\/?0HlPKH=uEi42gFg59&amp;method=reload\"><input type=\"hidden\" id=\"_wpnonce\" name=\"_wpnonce\" value=\"ba965ca1d0\" \/><input type=\"hidden\" name=\"_wp_http_referer\" value=\"\/en\/wp-json\/wp\/v2\/pages\/213\" \/>\r\n<input type=\"hidden\" name=\"_jfb_current_render_states[]\" value=\"DEFAULT.STATE\" data-jfb-sync \/><input type=\"hidden\" class=\"jet-form-builder__field hidden-field\" name=\"_jet_engine_booking_form_id\" data-field-name=\"_jet_engine_booking_form_id\" value=\"1866\">\n<input type=\"hidden\" class=\"jet-form-builder__field hidden-field\" name=\"_jet_engine_refer\" data-field-name=\"_jet_engine_refer\" value=\"https:\/\/holistycznieksperci.pl\/en\/wp-json\/wp\/v2\/pages\/213\/\">\n<input type=\"hidden\" class=\"jet-form-builder__field hidden-field\" name=\"__queried_post_id\" data-field-name=\"__queried_post_id\" value=\"213\">\n<div class=\"jet-sm-gb-wrapper jet-sm-gb-08dc13fc-82d1-414b-831d-1d318a8b9158\" data-block-id=\"jet-sm-gb-08dc13fc-82d1-414b-831d-1d318a8b9158\" ><div  class=\"jet-form-builder-row field-type-text-field\" >\n<div class=\"jet-form-builder__label\">\r\n<div class=\"jet-form-builder__label-text\">Imi\u0119 <span class=\"jet-form-builder__required\">*<\/span><\/div><\/div><div class=\"jet-form-builder__field-wrap\">\n\t\t\t\t<input required=\"required\" name=\"imie\" id=\"imie\" type=\"text\" data-field-name=\"imie\" class=\"jet-form-builder__field text-field\" data-jfb-sync=\"null\" autocomplete=\"off_bGRzweu6\">\n\t\t\t\t\t<\/div>\n<\/div><\/div>\n\n<div class=\"jet-sm-gb-wrapper jet-sm-gb-42dddba4-1ffd-45b8-b99e-1f3d99c4056f\" data-block-id=\"jet-sm-gb-42dddba4-1ffd-45b8-b99e-1f3d99c4056f\" ><div  class=\"jet-form-builder-row field-type-text-field\" >\n<div class=\"jet-form-builder__label\">\r\n<div class=\"jet-form-builder__label-text\">Email <span class=\"jet-form-builder__required\">*<\/span><\/div><\/div><div class=\"jet-form-builder__field-wrap\">\n\t\t\t\t<input required=\"required\" name=\"email\" id=\"email\" type=\"email\" data-field-name=\"email\" class=\"jet-form-builder__field text-field\" data-jfb-sync=\"null\" autocomplete=\"off_rivLAEH9\">\n\t\t\t\t\t<\/div>\n<\/div><\/div>\n\n<div class=\"jet-sm-gb-wrapper jet-sm-gb-1f8e3071-5a1d-4306-bd91-993b5863b2b1\" data-block-id=\"jet-sm-gb-1f8e3071-5a1d-4306-bd91-993b5863b2b1\" ><div  class=\"jet-form-builder-row field-type-wysiwyg-field wp-block-jet-forms-wysiwyg-field\">\n<div class=\"jet-form-builder__label\">\r\n<div class=\"jet-form-builder__label-text\">Tre\u015b\u0107 <span class=\"jet-form-builder__required\">*<\/span><\/div><\/div><div class=\"jet-form-builder__field-wrap\">\n\t\t<div class=\"jet-form-builder__field wysiwyg-field\" data-editor=\"{&quot;textarea_name&quot;:&quot;message&quot;,&quot;media_buttons&quot;:false,&quot;textarea_rows&quot;:8,&quot;quicktags&quot;:false,&quot;tinymce&quot;:{&quot;plugins&quot;:&quot;lists,paste,tabfocus,wplink,wordpress&quot;,&quot;wpautop&quot;:&quot;&quot;,&quot;paste_as_text&quot;:true,&quot;paste_auto_cleanup_on_paste&quot;:true,&quot;paste_remove_spans&quot;:true,&quot;paste_remove_styles&quot;:true,&quot;paste_remove_styles_if_webkit&quot;:true,&quot;paste_strip_class_attributes&quot;:true,&quot;toolbar1&quot;:&quot;formatselect,|,bold,italic,strikethrough,blockquote,|,bullist,numlist,|,alignleft,aligncenter,alignright,|,link,unlink,|,undo,redo&quot;,&quot;toolbar2&quot;:&quot;&quot;,&quot;toolbar3&quot;:&quot;&quot;,&quot;toolbar4&quot;:&quot;&quot;}}\" data-required=\"required\" data-jfb-sync=\"null\">\n\t\t\t<div id=\"wp-wp_editor_message-wrap\" class=\"wp-core-ui wp-editor-wrap tmce-active\"><link rel='stylesheet' id='dashicons-css' href='https:\/\/holistycznieksperci.pl\/wp-includes\/css\/dashicons.min.css?ver=6.9.4' media='all' \/>\n<link rel='stylesheet' id='editor-buttons-css' href='https:\/\/holistycznieksperci.pl\/wp-includes\/css\/editor.min.css?ver=6.9.4' media='all' \/>\n<div id=\"wp-wp_editor_message-editor-container\" class=\"wp-editor-container\"><textarea class=\"wp-editor-area\" rows=\"8\" autocomplete=\"off\" cols=\"40\" name=\"message\" id=\"wp_editor_message\"><\/textarea><\/div>\n<\/div>\n\n\t\t<\/div>\n\t<\/div>\n<\/div><\/div>\n\n\n<html>\n  <head>\n    <title>reCAPTCHA demo: Simple page<\/title>\n    <script src=\"https:\/\/www.google.com\/recaptcha\/enterprise.js\" async defer><\/script>\n  <\/head>\n  <body>\n    <form action=\"\" method=\"POST\">\n      <div class=\"g-recaptcha\" data-sitekey=\"6LdYeYssAAAAAKPpcR8kKFev9D7Z4dsgjw59wD9d\" data-action=\"LOGIN\"><\/div>\n      <br\/>\n      <input type=\"submit\" value=\"Wy\u015blji\">\n    <\/form>\n  <\/body>\n<\/html>\n\n\n\n<p><\/p>\n\t<div class=\"jet-form-builder-messages-wrap\" data-form-id=\"1866\"><\/div>\n<input type=\"hidden\" name=\"trp-form-language\" value=\"en\"\/><\/form>\n\t\t\t\t<\/div>\n\t\t\t\t<\/div>\n\t\t\t\t\t<\/div>\n\t\t\t\t<\/div>\n\t\t\t\t<\/div>","protected":false},"excerpt":{"rendered":"<p>Kontakt Imi\u0119 * Email * Tre\u015b\u0107 * reCAPTCHA demo: Simple page<\/p>","protected":false},"author":1,"featured_media":0,"parent":0,"menu_order":0,"comment_status":"closed","ping_status":"closed","template":"","meta":{"_jet_sm_ready_style":"","_jet_sm_style":"","_jet_sm_controls_values":"","_jet_sm_fonts_collection":"","_jet_sm_fonts_links":"","footnotes":""},"class_list":["post-213","page","type-page","status-publish","hentry"],"_hostinger_reach_plugin_has_subscription_block":false,"_hostinger_reach_plugin_is_elementor":false,"_links":{"self":[{"href":"https:\/\/holistycznieksperci.pl\/en\/wp-json\/wp\/v2\/pages\/213","targetHints":{"allow":["GET"]}}],"collection":[{"href":"https:\/\/holistycznieksperci.pl\/en\/wp-json\/wp\/v2\/pages"}],"about":[{"href":"https:\/\/holistycznieksperci.pl\/en\/wp-json\/wp\/v2\/types\/page"}],"author":[{"embeddable":true,"href":"https:\/\/holistycznieksperci.pl\/en\/wp-json\/wp\/v2\/users\/1"}],"replies":[{"embeddable":true,"href":"https:\/\/holistycznieksperci.pl\/en\/wp-json\/wp\/v2\/comments?post=213"}],"version-history":[{"count":12,"href":"https:\/\/holistycznieksperci.pl\/en\/wp-json\/wp\/v2\/pages\/213\/revisions"}],"predecessor-version":[{"id":1889,"href":"https:\/\/holistycznieksperci.pl\/en\/wp-json\/wp\/v2\/pages\/213\/revisions\/1889"}],"wp:attachment":[{"href":"https:\/\/holistycznieksperci.pl\/en\/wp-json\/wp\/v2\/media?parent=213"}],"curies":[{"name":"wp","href":"https:\/\/api.w.org\/{rel}","templated":true}]}}